{"id":188,"date":"2026-02-25T20:13:24","date_gmt":"2026-02-25T20:13:24","guid":{"rendered":"https:\/\/kordeckiraj.pl\/?page_id=188"},"modified":"2026-02-25T21:26:05","modified_gmt":"2026-02-25T21:26:05","slug":"altana-zawczesna-3x3","status":"publish","type":"page","link":"https:\/\/kordeckiraj.pl\/?page_id=188","title":{"rendered":"Altana ZAWCZESNA 3&#215;3"},"content":{"rendered":"\n<div class=\"wp-block-group is-layout-grid wp-container-core-group-is-layout-b757edec wp-block-group-is-layout-grid\">\n<div class=\"wp-block-media-text is-stacked-on-mobile wp-container-content-7e920005\"><figure class=\"wp-block-media-text__media\"><img fetchpriority=\"high\" decoding=\"async\" width=\"1024\" height=\"768\" src=\"http:\/\/kordeckiraj.pl\/wp-content\/uploads\/2026\/02\/Zdj-okladka-1-1024x768.jpg\" alt=\"\" class=\"wp-image-111 size-full\" srcset=\"https:\/\/kordeckiraj.pl\/wp-content\/uploads\/2026\/02\/Zdj-okladka-1-1024x768.jpg 1024w, https:\/\/kordeckiraj.pl\/wp-content\/uploads\/2026\/02\/Zdj-okladka-1-300x225.jpg 300w, https:\/\/kordeckiraj.pl\/wp-content\/uploads\/2026\/02\/Zdj-okladka-1-768x576.jpg 768w, https:\/\/kordeckiraj.pl\/wp-content\/uploads\/2026\/02\/Zdj-okladka-1-1536x1152.jpg 1536w, https:\/\/kordeckiraj.pl\/wp-content\/uploads\/2026\/02\/Zdj-okladka-1-400x300.jpg 400w, https:\/\/kordeckiraj.pl\/wp-content\/uploads\/2026\/02\/Zdj-okladka-1-800x600.jpg 800w, https:\/\/kordeckiraj.pl\/wp-content\/uploads\/2026\/02\/Zdj-okladka-1.jpg 1600w\" sizes=\"(max-width: 1024px) 100vw, 1024px\" \/><\/figure><div class=\"wp-block-media-text__content\">\n<p class=\"has-secondary-color has-text-color\"><strong>Altana x x x x x x<\/strong><br>asasasas<\/p>\n\n\n\n<ul class=\"wp-block-list\">\n<li class=\"has-secondary-color has-text-color has-link-color has-small-font-size wp-elements-67b91f0ad91a5f49c4cb393b79c3233a\">asasasasa<sup data-fn=\"c11b6dc4-9862-481f-946a-22aece920fc0\"><a id=\"c11b6dc4-9862-481f-946a-22aece920fc0-link\" href=\"#c11b6dc4-9862-481f-946a-22aece920fc0\">1<\/a><\/sup>sdds<\/li>\n\n\n\n<li class=\"has-secondary-color has-text-color has-link-color has-small-font-size wp-elements-d4d80dad56ea2ce0845bf37d8434bb21\">sdsds<\/li>\n\n\n\n<li class=\"has-secondary-color has-text-color has-link-color has-small-font-size wp-elements-0a7cd8f8da48c9a8c05f3ebb1ba2b1c9\">sdsd<\/li>\n<\/ul>\n\n\n\n<p>asasas<\/p>\n\n\n\n<p>asas<\/p>\n\n\n\n<p>asas<\/p>\n<\/div><\/div>\n<\/div>\n\n\n\n<div class=\"wp-block-group has-global-padding is-layout-constrained wp-block-group-is-layout-constrained\">\n<div class=\"wp-block-responsive-lightbox-gallery\"><div class=\"rl-gallery-container rl-loading\" id=\"rl-gallery-container-1\" data-gallery_id=\"137\"> <div class=\"rl-gallery rl-basicgrid-gallery rl-hover-icon-2\" id=\"rl-gallery-1\" data-gallery_no=\"1\"> <div class=\"rl-gallery-item\"><a href=\"https:\/\/kordeckiraj.pl\/wp-content\/uploads\/2026\/02\/Gemini_Generated_Image_2jequr2jequr2jeq.png\" title=\"\" data-rl_title=\"\" class=\"rl-gallery-link\" data-rl_caption=\"\" data-rel=\"lightbox-gallery-1\"><img decoding=\"async\" src=\"https:\/\/kordeckiraj.pl\/wp-content\/uploads\/2026\/02\/Gemini_Generated_Image_2jequr2jequr2jeq-768x768.png\" width=\"768\" height=\"768\" alt=\"\" \/><\/a><\/div><div class=\"rl-gallery-item\"><a href=\"https:\/\/kordeckiraj.pl\/wp-content\/uploads\/2026\/02\/f507fc58-ccae-49a6-8242-217df9fb5dad.jpg\" title=\"\" data-rl_title=\"\" class=\"rl-gallery-link\" data-rl_caption=\"\" data-rel=\"lightbox-gallery-1\"><img decoding=\"async\" src=\"https:\/\/kordeckiraj.pl\/wp-content\/uploads\/2026\/02\/f507fc58-ccae-49a6-8242-217df9fb5dad-768x576.jpg\" width=\"768\" height=\"576\" alt=\"\" \/><\/a><\/div><div class=\"rl-gallery-item\"><a href=\"https:\/\/kordeckiraj.pl\/wp-content\/uploads\/2026\/02\/Zdj-okladka-1.jpg\" title=\"\" data-rl_title=\"\" class=\"rl-gallery-link\" data-rl_caption=\"\" data-rel=\"lightbox-gallery-1\"><img loading=\"lazy\" decoding=\"async\" src=\"https:\/\/kordeckiraj.pl\/wp-content\/uploads\/2026\/02\/Zdj-okladka-1-768x576.jpg\" width=\"768\" height=\"576\" alt=\"\" \/><\/a><\/div><div class=\"rl-gallery-item\"><a href=\"https:\/\/kordeckiraj.pl\/wp-content\/uploads\/2026\/02\/zdj4.jpg\" title=\"\" data-rl_title=\"\" class=\"rl-gallery-link\" data-rl_caption=\"\" data-rel=\"lightbox-gallery-1\"><img loading=\"lazy\" decoding=\"async\" src=\"https:\/\/kordeckiraj.pl\/wp-content\/uploads\/2026\/02\/zdj4-768x576.jpg\" width=\"768\" height=\"576\" alt=\"\" \/><\/a><\/div><div class=\"rl-gallery-item\"><a href=\"https:\/\/kordeckiraj.pl\/wp-content\/uploads\/2026\/02\/38bebb5c-d863-45a2-a776-f165abeac99e.jpg\" title=\"\" data-rl_title=\"\" class=\"rl-gallery-link\" data-rl_caption=\"\" data-rel=\"lightbox-gallery-1\"><img loading=\"lazy\" decoding=\"async\" src=\"https:\/\/kordeckiraj.pl\/wp-content\/uploads\/2026\/02\/38bebb5c-d863-45a2-a776-f165abeac99e-768x576.jpg\" width=\"768\" height=\"576\" alt=\"\" \/><\/a><\/div> <\/div> <\/div><\/div>\n<\/div>\n\n\n\n<p class=\"has-secondary-color has-text-color\">Teraz czas na szczeg\u00f3\u0142y<\/p>\n\n\n\n<ul class=\"wp-block-list\">\n<li class=\"has-secondary-color has-text-color has-link-color wp-elements-2e5745c908f9833673dce6431263fd56\">nie wolno 1<\/li>\n\n\n\n<li class=\"has-secondary-color has-text-color has-link-color wp-elements-92bfacbf88b043a17703ad577b2d8abc\">nie wolno 2<\/li>\n\n\n\n<li class=\"has-secondary-color has-text-color has-link-color wp-elements-a17f4f93be0cefc6cacd82e8be6dd513\">nie wolno 3<\/li>\n<\/ul>\n\n\n\n<div class=\"wp-block-group is-layout-grid wp-container-core-group-is-layout-b757edec wp-block-group-is-layout-grid\">\n<p class=\"has-secondary-color has-text-color\">Czego czego nie wolno robi\u0107<\/p>\n\n\n\n<p class=\"has-secondary-color has-text-color\">A teraz szczeg\u00f3\u0142y wykonania<\/p>\n<\/div>\n\n\n\n<div class=\"wp-block-group is-layout-grid wp-container-core-group-is-layout-b757edec wp-block-group-is-layout-grid\">\n<ul class=\"wp-block-list\">\n<li class=\"has-secondary-color has-text-color has-link-color wp-elements-49c0b9ba434121083dcb9716589c6cc2\">lista 1<\/li>\n\n\n\n<li class=\"has-secondary-color has-text-color has-link-color wp-elements-306e096588220af4be15cf829cd75a9e\">lista 2<\/li>\n<\/ul>\n\n\n\n<ul class=\"wp-block-list\">\n<li class=\"has-secondary-color has-text-color has-link-color wp-elements-2f31da27d5b5f56b676f2063311752b9\">szczeg\u00f3\u0142 1<\/li>\n\n\n\n<li class=\"has-secondary-color has-text-color has-link-color wp-elements-7911d32e68b9f121f9e1ec3a24f60eb2\">szczeg\u00f3\u0142 2<\/li>\n<\/ul>\n<\/div>\n\n\n<p><img loading=\"lazy\" decoding=\"async\" src=\"http:\/\/kordeckiraj.pl\/wp-content\/uploads\/2026\/02\/Zdj-bibliotek1-300x242.jpg\" sizes=\"(max-width: 300px) 100vw, 300px\" srcset=\"https:\/\/kordeckiraj.pl\/wp-content\/uploads\/2026\/02\/Zdj-bibliotek1-300x242.jpg 300w, https:\/\/kordeckiraj.pl\/wp-content\/uploads\/2026\/02\/Zdj-bibliotek1-1024x826.jpg 1024w, https:\/\/kordeckiraj.pl\/wp-content\/uploads\/2026\/02\/Zdj-bibliotek1-768x620.jpg 768w, https:\/\/kordeckiraj.pl\/wp-content\/uploads\/2026\/02\/Zdj-bibliotek1-1536x1240.jpg 1536w, https:\/\/kordeckiraj.pl\/wp-content\/uploads\/2026\/02\/Zdj-bibliotek1-372x300.jpg 372w, https:\/\/kordeckiraj.pl\/wp-content\/uploads\/2026\/02\/Zdj-bibliotek1-743x600.jpg 743w, https:\/\/kordeckiraj.pl\/wp-content\/uploads\/2026\/02\/Zdj-bibliotek1.jpg 1596w\" alt=\"\" width=\"300\" height=\"242\" \/><\/p>\n<h3><strong>Alatana XXXXX<\/strong><\/h3>\n<h4 style=\"color: red;\"><strong>CENA: 15.000z\u0142<\/strong><\/h4>\n<p>ajakssask csds dsds dsd\u00a0 sdsd<\/p>\n<figure class=\"gallery-item\"><a title=\"\" href=\"http:\/\/kordeckiraj.pl\/wp-content\/uploads\/2026\/02\/zdj4.jpg\" data-elementor-open-lightbox=\"yes\" data-elementor-lightbox-slideshow=\"d75a09e\" data-elementor-lightbox-title=\"zdj4\" data-e-action-hash=\"#elementor-action%3Aaction%3Dlightbox%26settings%3DeyJpZCI6MTEwLCJ1cmwiOiJodHRwOlwvXC9rb3JkZWNraXJhai5wbFwvd3AtY29udGVudFwvdXBsb2Fkc1wvMjAyNlwvMDJcL3pkajQuanBnIiwic2xpZGVzaG93IjoiZDc1YTA5ZSJ9\" data-rl_title=\"\" data-rl_caption=\"\" data-rel=\"lightbox-image-bGlnaHRib3gtZ2FsbGVyeS0x\" data-rl_title=\"\" data-rl_caption=\"\"><img loading=\"lazy\" decoding=\"async\" src=\"http:\/\/kordeckiraj.pl\/wp-content\/uploads\/2026\/02\/zdj4-150x150.jpg\" sizes=\"(max-width: 150px) 100vw, 150px\" srcset=\"https:\/\/kordeckiraj.pl\/wp-content\/uploads\/2026\/02\/zdj4-150x150.jpg 150w, https:\/\/kordeckiraj.pl\/wp-content\/uploads\/2026\/02\/zdj4-400x400.jpg 400w\" alt=\"\" width=\"150\" height=\"150\" \/><\/a><\/figure>\n<figure class=\"gallery-item\"><a title=\"\" href=\"http:\/\/kordeckiraj.pl\/wp-content\/uploads\/2026\/02\/a36adb7d-03dc-46bb-91e9-e1432dae3a16.jpg\" data-elementor-open-lightbox=\"yes\" data-elementor-lightbox-slideshow=\"d75a09e\" data-elementor-lightbox-title=\"a36adb7d-03dc-46bb-91e9-e1432dae3a16\" data-e-action-hash=\"#elementor-action%3Aaction%3Dlightbox%26settings%3DeyJpZCI6ODUsInVybCI6Imh0dHA6XC9cL2tvcmRlY2tpcmFqLnBsXC93cC1jb250ZW50XC91cGxvYWRzXC8yMDI2XC8wMlwvYTM2YWRiN2QtMDNkYy00NmJiLTkxZTktZTE0MzJkYWUzYTE2LmpwZyIsInNsaWRlc2hvdyI6ImQ3NWEwOWUifQ%3D%3D\" data-rl_title=\"\" data-rl_caption=\"\" data-rel=\"lightbox-image-bGlnaHRib3gtZ2FsbGVyeS0x\" data-rl_title=\"\" data-rl_caption=\"\"><img loading=\"lazy\" decoding=\"async\" src=\"http:\/\/kordeckiraj.pl\/wp-content\/uploads\/2026\/02\/a36adb7d-03dc-46bb-91e9-e1432dae3a16-150x150.jpg\" sizes=\"(max-width: 150px) 100vw, 150px\" srcset=\"https:\/\/kordeckiraj.pl\/wp-content\/uploads\/2026\/02\/a36adb7d-03dc-46bb-91e9-e1432dae3a16-150x150.jpg 150w, https:\/\/kordeckiraj.pl\/wp-content\/uploads\/2026\/02\/a36adb7d-03dc-46bb-91e9-e1432dae3a16-400x400.jpg 400w\" alt=\"\" width=\"150\" height=\"150\" \/><\/a><\/figure>\n<figure class=\"gallery-item\"><a title=\"\" href=\"http:\/\/kordeckiraj.pl\/wp-content\/uploads\/2026\/02\/Zdj-okladka-1.jpg\" data-elementor-open-lightbox=\"yes\" data-elementor-lightbox-slideshow=\"d75a09e\" data-elementor-lightbox-title=\"Zdj okladka\" data-e-action-hash=\"#elementor-action%3Aaction%3Dlightbox%26settings%3DeyJpZCI6MTExLCJ1cmwiOiJodHRwOlwvXC9rb3JkZWNraXJhai5wbFwvd3AtY29udGVudFwvdXBsb2Fkc1wvMjAyNlwvMDJcL1pkai1va2xhZGthLTEuanBnIiwic2xpZGVzaG93IjoiZDc1YTA5ZSJ9\" data-rl_title=\"\" data-rl_caption=\"\" data-rel=\"lightbox-image-bGlnaHRib3gtZ2FsbGVyeS0x\" data-rl_title=\"\" data-rl_caption=\"\"><img loading=\"lazy\" decoding=\"async\" src=\"http:\/\/kordeckiraj.pl\/wp-content\/uploads\/2026\/02\/Zdj-okladka-1-150x150.jpg\" sizes=\"(max-width: 150px) 100vw, 150px\" srcset=\"https:\/\/kordeckiraj.pl\/wp-content\/uploads\/2026\/02\/Zdj-okladka-1-150x150.jpg 150w, https:\/\/kordeckiraj.pl\/wp-content\/uploads\/2026\/02\/Zdj-okladka-1-400x400.jpg 400w\" alt=\"\" width=\"150\" height=\"150\" \/><\/a><\/figure>\n<figure class=\"gallery-item\"><a title=\"\" href=\"http:\/\/kordeckiraj.pl\/wp-content\/uploads\/2026\/02\/f507fc58-ccae-49a6-8242-217df9fb5dad.jpg\" data-elementor-open-lightbox=\"yes\" data-elementor-lightbox-slideshow=\"d75a09e\" data-elementor-lightbox-title=\"f507fc58-ccae-49a6-8242-217df9fb5dad\" data-e-action-hash=\"#elementor-action%3Aaction%3Dlightbox%26settings%3DeyJpZCI6MTEyLCJ1cmwiOiJodHRwOlwvXC9rb3JkZWNraXJhai5wbFwvd3AtY29udGVudFwvdXBsb2Fkc1wvMjAyNlwvMDJcL2Y1MDdmYzU4LWNjYWUtNDlhNi04MjQyLTIxN2RmOWZiNWRhZC5qcGciLCJzbGlkZXNob3ciOiJkNzVhMDllIn0%3D\" data-rl_title=\"\" data-rl_caption=\"\" data-rel=\"lightbox-image-bGlnaHRib3gtZ2FsbGVyeS0x\" data-rl_title=\"\" data-rl_caption=\"\"><img loading=\"lazy\" decoding=\"async\" src=\"http:\/\/kordeckiraj.pl\/wp-content\/uploads\/2026\/02\/f507fc58-ccae-49a6-8242-217df9fb5dad-150x150.jpg\" sizes=\"(max-width: 150px) 100vw, 150px\" srcset=\"https:\/\/kordeckiraj.pl\/wp-content\/uploads\/2026\/02\/f507fc58-ccae-49a6-8242-217df9fb5dad-150x150.jpg 150w, https:\/\/kordeckiraj.pl\/wp-content\/uploads\/2026\/02\/f507fc58-ccae-49a6-8242-217df9fb5dad-400x400.jpg 400w\" alt=\"\" width=\"150\" height=\"150\" \/><\/a><\/figure>\n<p>Lorem ipsum dolor sit amet, consectetur adipiscing elit. Ut elit tellus, luctus nec ullamcorper mattis, pulvinar dapibus leo.<\/p>\n\n\n\n\n<div class=\"wp-block-buttons is-layout-flex wp-block-buttons-is-layout-flex\">\n<div class=\"wp-block-button\"><a class=\"wp-block-button__link wp-element-button\" href=\"https:\/\/kordeckiraj.pl\/?page_id=55\">&lt;&lt; Powr\u00f3t<\/a><\/div>\n<\/div>\n\n\n<div class=\"wpforms-container wpforms-container-full wpforms-block wpforms-block-5f38b478-200a-4cdd-832d-e253627f462c wpforms-render-modern\" id=\"wpforms-197\"><form id=\"wpforms-form-197\" class=\"wpforms-validate wpforms-form wpforms-ajax-form\" data-formid=\"197\" method=\"post\" enctype=\"multipart\/form-data\" action=\"\/index.php?rest_route=%2Fwp%2Fv2%2Fpages%2F188\" data-token=\"4390f1544c61b36df67ef276e12b61f0\" data-token-time=\"1777728169\"><noscript class=\"wpforms-error-noscript\">Aby wype\u0142ni\u0107 ten formularz, w\u0142\u0105cz obs\u0142ug\u0119 JavaScript w przegl\u0105darce.<\/noscript><div id=\"wpforms-error-noscript\" style=\"display: none;\">Aby wype\u0142ni\u0107 ten formularz, w\u0142\u0105cz obs\u0142ug\u0119 JavaScript w przegl\u0105darce.<\/div><div class=\"wpforms-field-container\"><div id=\"wpforms-197-field_1-container\" class=\"wpforms-field wpforms-field-name\" data-field-id=\"1\"><label class=\"wpforms-field-label\" for=\"wpforms-197-field_1\">Masz pytanie b\u0105d\u017a interesuj\u0105 ci inne wymiary? Uzupe\u0142nij formularz a odezwiemy si\u0119<\/label><input type=\"text\" id=\"wpforms-197-field_1\" class=\"wpforms-field-small\" name=\"wpforms[fields][1]\" aria-errormessage=\"wpforms-197-field_1-error\" aria-describedby=\"wpforms-197-field_1-description\" ><div id=\"wpforms-197-field_1-description\" class=\"wpforms-field-description\">Podaj swoje imi\u0119<\/div><\/div>\t\t<div id=\"wpforms-197-field_4-container\"\n\t\t\tclass=\"wpforms-field wpforms-field-text\"\n\t\t\tdata-field-type=\"text\"\n\t\t\tdata-field-id=\"4\"\n\t\t\t>\n\t\t\t<label class=\"wpforms-field-label\" for=\"wpforms-197-field_4\" >wymiary? inne wiadomo\u015bci<\/label>\n\t\t\t<input type=\"text\" id=\"wpforms-197-field_4\" class=\"wpforms-field-medium\" name=\"wpforms[fields][4]\" >\n\t\t<\/div>\n\t\t<div id=\"wpforms-197-field_2-container\" class=\"wpforms-field wpforms-field-email\" data-field-id=\"2\"><label class=\"wpforms-field-label\" for=\"wpforms-197-field_2\">Adres e-mail <span class=\"wpforms-required-label\" aria-hidden=\"true\">*<\/span><\/label><input type=\"email\" id=\"wpforms-197-field_2\" class=\"wpforms-field-medium wpforms-field-required\" name=\"wpforms[fields][2]\" spellcheck=\"false\" aria-errormessage=\"wpforms-197-field_2-error\" required><\/div><div id=\"wpforms-197-field_3-container\" class=\"wpforms-field wpforms-field-textarea\" data-field-id=\"3\"><label class=\"wpforms-field-label\" for=\"wpforms-197-field_3\">Tre\u015b\u0107 wiadomo\u015bci <span class=\"wpforms-required-label\" aria-hidden=\"true\">*<\/span><\/label><textarea id=\"wpforms-197-field_3\" class=\"wpforms-field-medium wpforms-field-required\" name=\"wpforms[fields][3]\" aria-errormessage=\"wpforms-197-field_3-error\" aria-describedby=\"wpforms-197-field_3-description\" required><\/textarea><div id=\"wpforms-197-field_3-description\" class=\"wpforms-field-description\">np. czy mo\u017cna by wykona\u0107 tak\u0105 altan\u0119 w innych wymiarach? jaka wtedy by\u0142aby cena?<\/div><\/div><script>\n\t\t\t\t( function() {\n\t\t\t\t\tconst style = document.createElement( 'style' );\n\t\t\t\t\tstyle.appendChild( document.createTextNode( '#wpforms-197-field_4-container { position: absolute !important; overflow: hidden !important; display: inline !important; height: 1px !important; width: 1px !important; z-index: -1000 !important; padding: 0 !important; } #wpforms-197-field_4-container input { visibility: hidden; } #wpforms-conversational-form-page #wpforms-197-field_4-container label { counter-increment: none; }' ) );\n\t\t\t\t\tdocument.head.appendChild( style );\n\t\t\t\t\tdocument.currentScript?.remove();\n\t\t\t\t} )();\n\t\t\t<\/script><\/div><!-- .wpforms-field-container --><div class=\"wpforms-submit-container\" ><input type=\"hidden\" name=\"wpforms[id]\" value=\"197\"><input type=\"hidden\" name=\"page_title\" value=\"\"><input type=\"hidden\" name=\"page_url\" value=\"https:\/\/kordeckiraj.pl\/index.php?rest_route=\/wp\/v2\/pages\/188\"><input type=\"hidden\" name=\"url_referer\" value=\"\"><button type=\"submit\" name=\"wpforms[submit]\" id=\"wpforms-submit-197\" class=\"wpforms-submit\" data-alt-text=\"Wysy\u0142anie...\" data-submit-text=\"Prze\u015blij\" aria-live=\"assertive\" value=\"wpforms-submit\">Prze\u015blij<\/button><img loading=\"lazy\" decoding=\"async\" src=\"https:\/\/kordeckiraj.pl\/wp-content\/plugins\/wpforms-lite\/assets\/images\/submit-spin.svg\" class=\"wpforms-submit-spinner\" style=\"display: none;\" width=\"26\" height=\"26\" alt=\"Wczytywanie\"><\/div><\/form><\/div>  <!-- .wpforms-container -->\n\n\n<p><\/p>\n","protected":false},"excerpt":{"rendered":"<p>Altana x x x x x xasasasas asasas asas asas Teraz czas na szczeg\u00f3\u0142y Czego czego nie wolno robi\u0107 A teraz szczeg\u00f3\u0142y wykonania Alatana XXXXX CENA: 15.000z\u0142 ajakssask csds dsds dsd\u00a0 sdsd Lorem ipsum dolor sit amet, consectetur adipiscing elit. Ut elit tellus, luctus nec ullamcorper mattis, pulvinar dapibus leo.<\/p>\n","protected":false},"author":1,"featured_media":0,"parent":0,"menu_order":0,"comment_status":"closed","ping_status":"closed","template":"","meta":{"footnotes":""},"class_list":["post-188","page","type-page","status-publish","hentry"],"_links":{"self":[{"href":"https:\/\/kordeckiraj.pl\/index.php?rest_route=\/wp\/v2\/pages\/188","targetHints":{"allow":["GET"]}}],"collection":[{"href":"https:\/\/kordeckiraj.pl\/index.php?rest_route=\/wp\/v2\/pages"}],"about":[{"href":"https:\/\/kordeckiraj.pl\/index.php?rest_route=\/wp\/v2\/types\/page"}],"author":[{"embeddable":true,"href":"https:\/\/kordeckiraj.pl\/index.php?rest_route=\/wp\/v2\/users\/1"}],"replies":[{"embeddable":true,"href":"https:\/\/kordeckiraj.pl\/index.php?rest_route=%2Fwp%2Fv2%2Fcomments&post=188"}],"version-history":[{"count":7,"href":"https:\/\/kordeckiraj.pl\/index.php?rest_route=\/wp\/v2\/pages\/188\/revisions"}],"predecessor-version":[{"id":211,"href":"https:\/\/kordeckiraj.pl\/index.php?rest_route=\/wp\/v2\/pages\/188\/revisions\/211"}],"wp:attachment":[{"href":"https:\/\/kordeckiraj.pl\/index.php?rest_route=%2Fwp%2Fv2%2Fmedia&parent=188"}],"curies":[{"name":"wp","href":"https:\/\/api.w.org\/{rel}","templated":true}]}}