{"id":81,"date":"2026-02-24T15:20:23","date_gmt":"2026-02-24T15:20:23","guid":{"rendered":"https:\/\/kordeckiraj.pl\/?page_id=81"},"modified":"2026-02-24T15:20:23","modified_gmt":"2026-02-24T15:20:23","slug":"place-zabaw","status":"publish","type":"page","link":"https:\/\/kordeckiraj.pl\/?page_id=81","title":{"rendered":"Place zabaw"},"content":{"rendered":"\n<div class=\"wp-block-columns is-layout-flex wp-container-core-columns-is-layout-28f84493 wp-block-columns-is-layout-flex\">\n<div class=\"wp-block-column is-layout-flow wp-block-column-is-layout-flow\">\n<div class=\"wp-block-cover has-custom-content-position is-position-bottom-center has-hover-effect\" style=\"border-top-left-radius:8px;border-top-right-radius:8px;border-bottom-left-radius:8px;border-bottom-right-radius:8px;padding-top:var(--wp--preset--spacing--10);padding-right:var(--wp--preset--spacing--10);padding-bottom:var(--wp--preset--spacing--10);padding-left:var(--wp--preset--spacing--10);min-height:500px;aspect-ratio:unset;\"><img fetchpriority=\"high\" decoding=\"async\" width=\"1600\" height=\"1200\" class=\"wp-block-cover__image-background wp-image-48 size-full\" alt=\"Altana\" src=\"http:\/\/kordeckiraj.pl\/wp-content\/uploads\/2026\/02\/Zdj-okladka.jpg\" style=\"object-position:27% 62%\" data-object-fit=\"cover\" data-object-position=\"27% 62%\" srcset=\"https:\/\/kordeckiraj.pl\/wp-content\/uploads\/2026\/02\/Zdj-okladka.jpg 1600w, https:\/\/kordeckiraj.pl\/wp-content\/uploads\/2026\/02\/Zdj-okladka-300x225.jpg 300w, https:\/\/kordeckiraj.pl\/wp-content\/uploads\/2026\/02\/Zdj-okladka-1024x768.jpg 1024w, https:\/\/kordeckiraj.pl\/wp-content\/uploads\/2026\/02\/Zdj-okladka-768x576.jpg 768w, https:\/\/kordeckiraj.pl\/wp-content\/uploads\/2026\/02\/Zdj-okladka-1536x1152.jpg 1536w, https:\/\/kordeckiraj.pl\/wp-content\/uploads\/2026\/02\/Zdj-okladka-400x300.jpg 400w, https:\/\/kordeckiraj.pl\/wp-content\/uploads\/2026\/02\/Zdj-okladka-800x600.jpg 800w\" sizes=\"(max-width: 1600px) 100vw, 1600px\" \/><span aria-hidden=\"true\" class=\"wp-block-cover__background has-contrast-background-color has-background-dim-40 has-background-dim\"><\/span><div class=\"wp-block-cover__inner-container is-layout-flow wp-block-cover-is-layout-flow\">\n<div class=\"wp-block-group has-border-color has-background has-global-padding is-layout-constrained wp-container-core-group-is-layout-c385debf wp-block-group-is-layout-constrained\" style=\"border-color:#b5bdbc85;border-width:1px;border-top-left-radius:0px;border-top-right-radius:0px;border-bottom-left-radius:0px;border-bottom-right-radius:0px;background-color:#0b1d2b42;min-height:0px;padding-top:var(--wp--preset--spacing--20);padding-right:var(--wp--preset--spacing--20);padding-bottom:var(--wp--preset--spacing--20);padding-left:var(--wp--preset--spacing--20);font-size:12px\">\n<div class=\"wp-block-group is-content-justification-center is-nowrap is-layout-flex wp-container-core-group-is-layout-23441af8 wp-block-group-is-layout-flex\">\n<h2 class=\"wp-block-heading has-text-align-center has-base-2-color has-text-color has-link-color wp-elements-ba924261e09a25d41627820f6b762c1e\" style=\"font-size:clamp(14px, 0.875rem + ((1vw - 3.2px) * 0.488), 18px);font-style:normal;font-weight:700\">Plac ze zje\u017cd\u017calni\u0105<\/h2>\n<\/div>\n\n\n\n<div class=\"wp-block-group features-row is-content-justification-center is-nowrap is-layout-flex wp-container-core-group-is-layout-f18ddc59 wp-block-group-is-layout-flex\" style=\"border-top-color:var(--wp--preset--color--accent-5);border-top-width:1px;padding-top:var(--wp--preset--spacing--20)\">\n<div class=\"wp-block-group is-nowrap is-layout-flex wp-container-core-group-is-layout-e088cbc5 wp-block-group-is-layout-flex\">\n<figure class=\"wp-block-image size-full wp-container-content-16d1eb73\"><img decoding=\"async\" src=\"https:\/\/kordeckiraj.pl\/wp-content\/themes\/estate-hive\/assets\/images\/money.png\" alt=\"\" class=\"wp-image-108\" style=\"object-fit:cover\"\/><\/figure>\n\n\n\n<p class=\"has-base-2-color has-text-color has-link-color wp-elements-922016493f95b46d4309352ff490ad59\" style=\"font-size:clamp(14px, 0.875rem + ((1vw - 3.2px) * 0.732), 20px);line-height:1\">$15,000<\/p>\n<\/div>\n<\/div>\n\n\n\n<div class=\"wp-block-buttons is-content-justification-center is-layout-flex wp-container-core-buttons-is-layout-a89b3969 wp-block-buttons-is-layout-flex\">\n<div class=\"wp-block-button\"><a class=\"wp-block-button__link has-custom-font-size wp-element-button\" style=\"border-top-left-radius:20px;border-top-right-radius:20px;border-bottom-left-radius:20px;border-bottom-right-radius:20px;padding-top:0.5rem;padding-right:var(--wp--preset--spacing--10);padding-bottom:0.5rem;padding-left:var(--wp--preset--spacing--10);font-size:12px\">Poka\u017c oferte<\/a><\/div>\n<\/div>\n<\/div>\n<\/div><\/div>\n<\/div>\n\n\n\n<div class=\"wp-block-column is-layout-flow wp-block-column-is-layout-flow\">\n<div class=\"wp-block-cover has-custom-content-position is-position-bottom-center has-hover-effect\" style=\"border-top-left-radius:8px;border-top-right-radius:8px;border-bottom-left-radius:8px;border-bottom-right-radius:8px;padding-top:var(--wp--preset--spacing--10);padding-right:var(--wp--preset--spacing--10);padding-bottom:var(--wp--preset--spacing--10);padding-left:var(--wp--preset--spacing--10);min-height:500px;aspect-ratio:unset;\"><img fetchpriority=\"high\" decoding=\"async\" width=\"1600\" height=\"1200\" class=\"wp-block-cover__image-background wp-image-48 size-full\" alt=\"Altana\" src=\"http:\/\/kordeckiraj.pl\/wp-content\/uploads\/2026\/02\/Zdj-okladka.jpg\" style=\"object-position:27% 62%\" data-object-fit=\"cover\" data-object-position=\"27% 62%\" srcset=\"https:\/\/kordeckiraj.pl\/wp-content\/uploads\/2026\/02\/Zdj-okladka.jpg 1600w, https:\/\/kordeckiraj.pl\/wp-content\/uploads\/2026\/02\/Zdj-okladka-300x225.jpg 300w, https:\/\/kordeckiraj.pl\/wp-content\/uploads\/2026\/02\/Zdj-okladka-1024x768.jpg 1024w, https:\/\/kordeckiraj.pl\/wp-content\/uploads\/2026\/02\/Zdj-okladka-768x576.jpg 768w, https:\/\/kordeckiraj.pl\/wp-content\/uploads\/2026\/02\/Zdj-okladka-1536x1152.jpg 1536w, https:\/\/kordeckiraj.pl\/wp-content\/uploads\/2026\/02\/Zdj-okladka-400x300.jpg 400w, https:\/\/kordeckiraj.pl\/wp-content\/uploads\/2026\/02\/Zdj-okladka-800x600.jpg 800w\" sizes=\"(max-width: 1600px) 100vw, 1600px\" \/><span aria-hidden=\"true\" class=\"wp-block-cover__background has-contrast-background-color has-background-dim-40 has-background-dim\"><\/span><div class=\"wp-block-cover__inner-container is-layout-flow wp-block-cover-is-layout-flow\">\n<div class=\"wp-block-group has-border-color has-background has-global-padding is-layout-constrained wp-container-core-group-is-layout-c385debf wp-block-group-is-layout-constrained\" style=\"border-color:#b5bdbc85;border-width:1px;border-top-left-radius:0px;border-top-right-radius:0px;border-bottom-left-radius:0px;border-bottom-right-radius:0px;background-color:#0b1d2b42;min-height:0px;padding-top:var(--wp--preset--spacing--20);padding-right:var(--wp--preset--spacing--20);padding-bottom:var(--wp--preset--spacing--20);padding-left:var(--wp--preset--spacing--20);font-size:12px\">\n<div class=\"wp-block-group is-content-justification-center is-nowrap is-layout-flex wp-container-core-group-is-layout-23441af8 wp-block-group-is-layout-flex\">\n<h2 class=\"wp-block-heading has-text-align-center has-base-2-color has-text-color has-link-color wp-elements-0392f88318cb53f707c631459fb109be\" style=\"font-size:clamp(14px, 0.875rem + ((1vw - 3.2px) * 0.488), 18px);font-style:normal;font-weight:700\">Plac zabaw 1<\/h2>\n<\/div>\n\n\n\n<div class=\"wp-block-group features-row is-content-justification-center is-nowrap is-layout-flex wp-container-core-group-is-layout-f18ddc59 wp-block-group-is-layout-flex\" style=\"border-top-color:var(--wp--preset--color--accent-5);border-top-width:1px;padding-top:var(--wp--preset--spacing--20)\">\n<div class=\"wp-block-group is-nowrap is-layout-flex wp-container-core-group-is-layout-e088cbc5 wp-block-group-is-layout-flex\">\n<figure class=\"wp-block-image size-full wp-container-content-16d1eb73\"><img decoding=\"async\" src=\"https:\/\/kordeckiraj.pl\/wp-content\/themes\/estate-hive\/assets\/images\/money.png\" alt=\"\" class=\"wp-image-108\" style=\"object-fit:cover\"\/><\/figure>\n\n\n\n<p class=\"has-base-2-color has-text-color has-link-color wp-elements-922016493f95b46d4309352ff490ad59\" style=\"font-size:clamp(14px, 0.875rem + ((1vw - 3.2px) * 0.732), 20px);line-height:1\">$15,000<\/p>\n<\/div>\n<\/div>\n\n\n\n<div class=\"wp-block-buttons is-content-justification-center is-layout-flex wp-container-core-buttons-is-layout-a89b3969 wp-block-buttons-is-layout-flex\">\n<div class=\"wp-block-button\"><a class=\"wp-block-button__link has-custom-font-size wp-element-button\" style=\"border-top-left-radius:20px;border-top-right-radius:20px;border-bottom-left-radius:20px;border-bottom-right-radius:20px;padding-top:0.5rem;padding-right:var(--wp--preset--spacing--10);padding-bottom:0.5rem;padding-left:var(--wp--preset--spacing--10);font-size:12px\">Poka\u017c oferte<\/a><\/div>\n<\/div>\n<\/div>\n<\/div><\/div>\n<\/div>\n\n\n\n<div class=\"wp-block-column is-layout-flow wp-block-column-is-layout-flow\">\n<div class=\"wp-block-cover has-custom-content-position is-position-bottom-center has-hover-effect\" style=\"border-top-left-radius:8px;border-top-right-radius:8px;border-bottom-left-radius:8px;border-bottom-right-radius:8px;padding-top:var(--wp--preset--spacing--10);padding-right:var(--wp--preset--spacing--10);padding-bottom:var(--wp--preset--spacing--10);padding-left:var(--wp--preset--spacing--10);min-height:500px;aspect-ratio:unset;\"><img fetchpriority=\"high\" decoding=\"async\" width=\"1600\" height=\"1200\" class=\"wp-block-cover__image-background wp-image-48 size-full\" alt=\"Altana\" src=\"http:\/\/kordeckiraj.pl\/wp-content\/uploads\/2026\/02\/Zdj-okladka.jpg\" style=\"object-position:27% 62%\" data-object-fit=\"cover\" data-object-position=\"27% 62%\" srcset=\"https:\/\/kordeckiraj.pl\/wp-content\/uploads\/2026\/02\/Zdj-okladka.jpg 1600w, https:\/\/kordeckiraj.pl\/wp-content\/uploads\/2026\/02\/Zdj-okladka-300x225.jpg 300w, https:\/\/kordeckiraj.pl\/wp-content\/uploads\/2026\/02\/Zdj-okladka-1024x768.jpg 1024w, https:\/\/kordeckiraj.pl\/wp-content\/uploads\/2026\/02\/Zdj-okladka-768x576.jpg 768w, https:\/\/kordeckiraj.pl\/wp-content\/uploads\/2026\/02\/Zdj-okladka-1536x1152.jpg 1536w, https:\/\/kordeckiraj.pl\/wp-content\/uploads\/2026\/02\/Zdj-okladka-400x300.jpg 400w, https:\/\/kordeckiraj.pl\/wp-content\/uploads\/2026\/02\/Zdj-okladka-800x600.jpg 800w\" sizes=\"(max-width: 1600px) 100vw, 1600px\" \/><span aria-hidden=\"true\" class=\"wp-block-cover__background has-contrast-background-color has-background-dim-40 has-background-dim\"><\/span><div class=\"wp-block-cover__inner-container is-layout-flow wp-block-cover-is-layout-flow\">\n<div class=\"wp-block-group has-border-color has-background has-global-padding is-layout-constrained wp-container-core-group-is-layout-c385debf wp-block-group-is-layout-constrained\" style=\"border-color:#b5bdbc85;border-width:1px;border-top-left-radius:0px;border-top-right-radius:0px;border-bottom-left-radius:0px;border-bottom-right-radius:0px;background-color:#0b1d2b42;min-height:0px;padding-top:var(--wp--preset--spacing--20);padding-right:var(--wp--preset--spacing--20);padding-bottom:var(--wp--preset--spacing--20);padding-left:var(--wp--preset--spacing--20);font-size:12px\">\n<div class=\"wp-block-group is-content-justification-center is-nowrap is-layout-flex wp-container-core-group-is-layout-23441af8 wp-block-group-is-layout-flex\">\n<h2 class=\"wp-block-heading has-text-align-center has-base-2-color has-text-color has-link-color wp-elements-b204207689b40a532e4bd143e854cd43\" style=\"font-size:clamp(14px, 0.875rem + ((1vw - 3.2px) * 0.488), 18px);font-style:normal;font-weight:700\">Plac zabaw 2<\/h2>\n<\/div>\n\n\n\n<div class=\"wp-block-group features-row is-content-justification-center is-nowrap is-layout-flex wp-container-core-group-is-layout-f18ddc59 wp-block-group-is-layout-flex\" style=\"border-top-color:var(--wp--preset--color--accent-5);border-top-width:1px;padding-top:var(--wp--preset--spacing--20)\">\n<div class=\"wp-block-group is-nowrap is-layout-flex wp-container-core-group-is-layout-e088cbc5 wp-block-group-is-layout-flex\">\n<figure class=\"wp-block-image size-full wp-container-content-16d1eb73\"><img decoding=\"async\" src=\"https:\/\/kordeckiraj.pl\/wp-content\/themes\/estate-hive\/assets\/images\/money.png\" alt=\"\" class=\"wp-image-108\" style=\"object-fit:cover\"\/><\/figure>\n\n\n\n<p class=\"has-base-2-color has-text-color has-link-color wp-elements-922016493f95b46d4309352ff490ad59\" style=\"font-size:clamp(14px, 0.875rem + ((1vw - 3.2px) * 0.732), 20px);line-height:1\">$15,000<\/p>\n<\/div>\n<\/div>\n\n\n\n<div class=\"wp-block-buttons is-content-justification-center is-layout-flex wp-container-core-buttons-is-layout-a89b3969 wp-block-buttons-is-layout-flex\">\n<div class=\"wp-block-button\"><a class=\"wp-block-button__link has-custom-font-size wp-element-button\" style=\"border-top-left-radius:20px;border-top-right-radius:20px;border-bottom-left-radius:20px;border-bottom-right-radius:20px;padding-top:0.5rem;padding-right:var(--wp--preset--spacing--10);padding-bottom:0.5rem;padding-left:var(--wp--preset--spacing--10);font-size:12px\">Poka\u017c oferte<\/a><\/div>\n<\/div>\n<\/div>\n<\/div><\/div>\n<\/div>\n<\/div>\n\n\n\n<div class=\"wp-block-cover has-custom-content-position is-position-bottom-center has-hover-effect\" style=\"border-top-left-radius:8px;border-top-right-radius:8px;border-bottom-left-radius:8px;border-bottom-right-radius:8px;padding-top:var(--wp--preset--spacing--10);padding-right:var(--wp--preset--spacing--10);padding-bottom:var(--wp--preset--spacing--10);padding-left:var(--wp--preset--spacing--10);min-height:500px;aspect-ratio:unset;\"><img fetchpriority=\"high\" decoding=\"async\" width=\"1600\" height=\"1200\" class=\"wp-block-cover__image-background wp-image-48 size-full\" alt=\"Altana\" src=\"http:\/\/kordeckiraj.pl\/wp-content\/uploads\/2026\/02\/Zdj-okladka.jpg\" style=\"object-position:27% 62%\" data-object-fit=\"cover\" data-object-position=\"27% 62%\" srcset=\"https:\/\/kordeckiraj.pl\/wp-content\/uploads\/2026\/02\/Zdj-okladka.jpg 1600w, https:\/\/kordeckiraj.pl\/wp-content\/uploads\/2026\/02\/Zdj-okladka-300x225.jpg 300w, https:\/\/kordeckiraj.pl\/wp-content\/uploads\/2026\/02\/Zdj-okladka-1024x768.jpg 1024w, https:\/\/kordeckiraj.pl\/wp-content\/uploads\/2026\/02\/Zdj-okladka-768x576.jpg 768w, https:\/\/kordeckiraj.pl\/wp-content\/uploads\/2026\/02\/Zdj-okladka-1536x1152.jpg 1536w, https:\/\/kordeckiraj.pl\/wp-content\/uploads\/2026\/02\/Zdj-okladka-400x300.jpg 400w, https:\/\/kordeckiraj.pl\/wp-content\/uploads\/2026\/02\/Zdj-okladka-800x600.jpg 800w\" sizes=\"(max-width: 1600px) 100vw, 1600px\" \/><span aria-hidden=\"true\" class=\"wp-block-cover__background has-contrast-background-color has-background-dim-40 has-background-dim\"><\/span><div class=\"wp-block-cover__inner-container is-layout-flow wp-block-cover-is-layout-flow\">\n<div class=\"wp-block-group has-border-color has-background has-global-padding is-layout-constrained wp-container-core-group-is-layout-c385debf wp-block-group-is-layout-constrained\" style=\"border-color:#b5bdbc85;border-width:1px;border-top-left-radius:0px;border-top-right-radius:0px;border-bottom-left-radius:0px;border-bottom-right-radius:0px;background-color:#0b1d2b42;min-height:0px;padding-top:var(--wp--preset--spacing--20);padding-right:var(--wp--preset--spacing--20);padding-bottom:var(--wp--preset--spacing--20);padding-left:var(--wp--preset--spacing--20);font-size:12px\">\n<div class=\"wp-block-group is-content-justification-center is-nowrap is-layout-flex wp-container-core-group-is-layout-23441af8 wp-block-group-is-layout-flex\">\n<h2 class=\"wp-block-heading has-text-align-center has-base-2-color has-text-color has-link-color wp-elements-2b696c2a22b945e9d9e3fa0eaab82c72\" style=\"font-size:clamp(14px, 0.875rem + ((1vw - 3.2px) * 0.488), 18px);font-style:normal;font-weight:700\">Altana nowoczesna <\/h2>\n<\/div>\n\n\n\n<div class=\"wp-block-group features-row is-content-justification-center is-nowrap is-layout-flex wp-container-core-group-is-layout-f18ddc59 wp-block-group-is-layout-flex\" style=\"border-top-color:var(--wp--preset--color--accent-5);border-top-width:1px;padding-top:var(--wp--preset--spacing--20)\">\n<div class=\"wp-block-group is-nowrap is-layout-flex wp-container-core-group-is-layout-e088cbc5 wp-block-group-is-layout-flex\">\n<figure class=\"wp-block-image size-full wp-container-content-16d1eb73\"><img decoding=\"async\" src=\"https:\/\/kordeckiraj.pl\/wp-content\/themes\/estate-hive\/assets\/images\/money.png\" alt=\"\" class=\"wp-image-108\" style=\"object-fit:cover\"\/><\/figure>\n\n\n\n<p class=\"has-base-2-color has-text-color has-link-color wp-elements-922016493f95b46d4309352ff490ad59\" style=\"font-size:clamp(14px, 0.875rem + ((1vw - 3.2px) * 0.732), 20px);line-height:1\">$15,000<\/p>\n<\/div>\n<\/div>\n\n\n\n<div class=\"wp-block-buttons is-content-justification-center is-layout-flex wp-container-core-buttons-is-layout-a89b3969 wp-block-buttons-is-layout-flex\">\n<div class=\"wp-block-button\"><a class=\"wp-block-button__link has-custom-font-size wp-element-button\" style=\"border-top-left-radius:20px;border-top-right-radius:20px;border-bottom-left-radius:20px;border-bottom-right-radius:20px;padding-top:0.5rem;padding-right:var(--wp--preset--spacing--10);padding-bottom:0.5rem;padding-left:var(--wp--preset--spacing--10);font-size:12px\">Poka\u017c oferte<\/a><\/div>\n<\/div>\n<\/div>\n<\/div><\/div>\n","protected":false},"excerpt":{"rendered":"","protected":false},"author":1,"featured_media":0,"parent":0,"menu_order":0,"comment_status":"closed","ping_status":"closed","template":"","meta":{"footnotes":""},"class_list":["post-81","page","type-page","status-publish","hentry"],"_links":{"self":[{"href":"https:\/\/kordeckiraj.pl\/index.php?rest_route=\/wp\/v2\/pages\/81","targetHints":{"allow":["GET"]}}],"collection":[{"href":"https:\/\/kordeckiraj.pl\/index.php?rest_route=\/wp\/v2\/pages"}],"about":[{"href":"https:\/\/kordeckiraj.pl\/index.php?rest_route=\/wp\/v2\/types\/page"}],"author":[{"embeddable":true,"href":"https:\/\/kordeckiraj.pl\/index.php?rest_route=\/wp\/v2\/users\/1"}],"replies":[{"embeddable":true,"href":"https:\/\/kordeckiraj.pl\/index.php?rest_route=%2Fwp%2Fv2%2Fcomments&post=81"}],"version-history":[{"count":1,"href":"https:\/\/kordeckiraj.pl\/index.php?rest_route=\/wp\/v2\/pages\/81\/revisions"}],"predecessor-version":[{"id":82,"href":"https:\/\/kordeckiraj.pl\/index.php?rest_route=\/wp\/v2\/pages\/81\/revisions\/82"}],"wp:attachment":[{"href":"https:\/\/kordeckiraj.pl\/index.php?rest_route=%2Fwp%2Fv2%2Fmedia&parent=81"}],"curies":[{"name":"wp","href":"https:\/\/api.w.org\/{rel}","templated":true}]}}